{"id":1674,"date":"2024-07-31T13:00:07","date_gmt":"2024-07-31T11:00:07","guid":{"rendered":"https:\/\/www.vidangeefficacewavre.be\/debouchage\/douche\/"},"modified":"2026-02-24T14:07:36","modified_gmt":"2026-02-24T13:07:36","slug":"douche","status":"publish","type":"page","link":"https:\/\/www.vidangeefficacewavre.be\/nl\/ontstoppen\/douche\/","title":{"rendered":"Douche"},"content":{"rendered":"<section class=\"l-section wpb_row us_custom_71eaf52c height_auto\"><div class=\"l-section-h i-cf\"><div class=\"g-cols vc_row via_flex valign_middle type_default stacking_default\"><div class=\"vc_col-sm-6 wpb_column vc_column_container\"><div class=\"vc_column-inner\"><div class=\"wpb_wrapper\"><div class=\"w-separator size_medium\"><\/div><div class=\"wpb_text_column us_custom_b31d7f9b has_text_color\"><div class=\"wpb_wrapper\"><h1>D\u00e9bouchage de douche, contactez <span class=\"clrtxt\">Vidange Efficace Wavre <\/span><\/h1>\n<\/div><\/div><div class=\"w-separator size_small\"><\/div><div class=\"wpb_text_column us_custom_b860ca69 has_text_color\"><div class=\"wpb_wrapper\"><p>Vidange Efficace Wavre r\u00e9alise le d\u00e9bouchage de vos canalisations et de vos \u00e9gouts dans le Brabant Wallon, le sud de Bruxelles et le Brabant Flamand.<\/p>\n<\/div><\/div><div class=\"w-separator size_small\"><\/div><div class=\"w-btn-wrapper align_none\"><a class=\"w-btn us-btn-style_5 icon_atright\" href=\"https:\/\/www.vidangeefficacewavre.be\/contact\/\"><span class=\"w-btn-label\">Contactez-nous<\/span><i class=\"far fa-long-arrow-alt-right\"><\/i><\/a><\/div><div class=\"w-separator size_medium\"><\/div><\/div><\/div><\/div><div class=\"vc_col-sm-6 wpb_column vc_column_container has_bg_color stretched\"><div class=\"vc_column-inner us_custom_793fda6a\"><div class=\"wpb_wrapper\"><\/div><\/div><\/div><\/div><\/div><\/section><section class=\"l-section wpb_row height_large\"><div class=\"l-section-h i-cf\"><div class=\"g-cols vc_row via_flex valign_top type_default stacking_default\"><div class=\"vc_col-sm-3\/5 wpb_column vc_column_container has_bg_color\"><div class=\"vc_column-inner us_custom_d9a3d4d4\"><div class=\"wpb_wrapper\"><div class=\"w-separator us_custom_7317aa56 size_medium\"><\/div><\/div><\/div><\/div><div class=\"vc_col-sm-2\/5 wpb_column vc_column_container has_bg_color\"><div class=\"vc_column-inner us_custom_d365bb75\"><div class=\"wpb_wrapper\"><h3 class=\"w-text us_custom_b860ca69 has_text_color\"><span class=\"w-text-h\"><span class=\"w-text-value\">Une douche bouch\u00e9e ? Vidange Efficace intervient rapidement.<\/span><\/span><\/h3><div class=\"wpb_text_column us_custom_b860ca69 has_text_color\"><div class=\"wpb_wrapper\"><p>Vous \u00eates confront\u00e9 \u00e0 une douche bouch\u00e9e ? Votre douche ne s&#8217;\u00e9vacue pas correctement et vous n&#8217;arrivez pas \u00e0 r\u00e9soudre le probl\u00e8me ?<\/p>\n<p>Avec le temps, les d\u00e9g\u00e2ts peuvent devenir s\u00e9rieux. Il est donc fortement conseill\u00e9 d\u2019avoir recours \u00e0 un professionnel. Situ\u00e9 \u00e0 Wavre, Vidange efficace d\u00e9bouche votre douche en un rien de temps, avec professionnalisme et propret\u00e9 !<\/p>\n<p>Actif depuis plus de 40 ans pour le professionnel et l\u2019industrie, nous avons fait du d\u00e9bouchage de canalisations par haute pression notre sp\u00e9cialit\u00e9. Nous venons \u00e0 bout de tous les types de bouchons. Apr\u00e8s le d\u00e9bouchage, nous avons recours \u00e0 une <a href=\"https:\/\/www.vidangeefficacewavre.be\/passage-camera\/\">inspection par cam\u00e9ra<\/a>, si n\u00e9cessaire, afin de v\u00e9rifier l\u2019\u00e9tat de vos canalisations, de localiser d\u2019\u00e9ventuels d\u00e9fauts et d\u2019\u00e9viter de futurs bouchons.<\/p>\n<p>Vidange Efficace se d\u00e9place dans le Brabant Wallon, dans le sud de Bruxelles et le Brabant Flamand. Contactez-nous !<\/p>\n<\/div><\/div><div class=\"w-separator size_small\"><\/div><div class=\"w-btn-wrapper align_none\"><a class=\"w-btn us-btn-style_5 icon_atright\" href=\"#leesmeer\"><span class=\"w-btn-label\">En savoir plus<\/span><i class=\"far fa-long-arrow-alt-right\"><\/i><\/a><\/div><\/div><\/div><\/div><\/div><\/div><\/section><section class=\"l-section wpb_row height_large\" id=\"leesmeer\"><div class=\"l-section-h i-cf\"><div class=\"g-cols vc_row via_flex valign_top type_default stacking_default\"><div class=\"vc_col-sm-3 wpb_column vc_column_container\"><div class=\"vc_column-inner\"><div class=\"wpb_wrapper\"><\/div><\/div><\/div><div class=\"vc_col-sm-9 wpb_column vc_column_container\"><div class=\"vc_column-inner\"><div class=\"wpb_wrapper\"><h3 class=\"w-text us_custom_2774bef1\"><span class=\"w-text-h\"><span class=\"w-text-value\">Quelles sont les erreurs \u00e0 ne pas commettre en d\u00e9bouchant votre douche ?<\/span><\/span><\/h3><div class=\"w-separator size_medium\"><\/div><div class=\"wpb_text_column\"><div class=\"wpb_wrapper\"><p>Les causes principales d\u2019une canalisation bouch\u00e9e sont l\u2019accumulation de cheveux et de poils, le d\u00e9p\u00f4t de savon ainsi que le calcaire, le tartre et la salet\u00e9. Il est donc fr\u00e9quent de faire face \u00e0 ce type de probl\u00e8me.<\/p>\n<p>Dans ce cas, certains utiliseront le tuyau d\u2019arrosage pour essayer de mettre de la pression dans la tuyauterie. Cependant, vous risquez tout simplement d\u2019aggraver le probl\u00e8me et de faire d\u00e9border votre douche. D\u2019autres utiliseront un fil de fer tel qu\u2019un cintre au risque de laisser l\u2019objet coinc\u00e9 dans la tuyauterie. Enfin, la plupart des personnes ont recours aux d\u00e9boucheurs chimiques, un d\u00e9sastre pour l\u2019\u00e9cologie. Aucun professionnel du d\u00e9bouchage n\u2019utilisera d\u2019ailleurs ce proc\u00e9d\u00e9. Au-del\u00e0 du fait qu\u2019ils soient polluants, les produits chimiques achet\u00e9s dans le commerce pr\u00e9sentent un danger pour votre s\u00e9curit\u00e9 et n\u2019ont g\u00e9n\u00e9ralement pas le pouvoir de dissoudre un bouchon solide. De plus, ils risquent d\u2019abimer votre tuyauterie.<\/p>\n<p>Privil\u00e9giez plut\u00f4t des solutions naturelles telles que la ventouse, le vinaigre blanc ou le bicarbonate de soude. Si le probl\u00e8me persiste, contactez votre sp\u00e9cialiste du d\u00e9bouchage de salle de bains, nous interviendrons dans les plus brefs d\u00e9lais.<\/p>\n<\/div><\/div><\/div><\/div><\/div><\/div><\/div><\/section><section class=\"l-section wpb_row us_custom_2070add1 height_small\"><div class=\"l-section-h i-cf\"><div class=\"g-cols vc_row via_flex valign_top type_default stacking_default\"><div class=\"vc_col-sm-12 wpb_column vc_column_container\"><div class=\"vc_column-inner\"><div class=\"wpb_wrapper\"><div class=\"wpb_text_column us_custom_783bcd80 has_text_color\"><div class=\"wpb_wrapper\"><p style=\"text-align: center;\"><strong>D\u00e9bouchage de salles de bains et sanitaires dans le Brabant et le sud de Bruxelles.<\/strong> D\u00e9bouchage de douches, bains, baignoires et toutes tuyauteries de salle de bain.<\/p>\n<\/div><\/div><\/div><\/div><\/div><\/div><\/div><\/section>\n","protected":false},"excerpt":{"rendered":"D\u00e9bouchage de douche, contactez Vidange Efficace Wavre Vidange Efficace Wavre r\u00e9alise le d\u00e9bouchage de vos canalisations et de vos \u00e9gouts dans le Brabant Wallon, le sud de Bruxelles et le Brabant Flamand. Contactez-nousUne douche bouch\u00e9e ? Vidange Efficace intervient rapidement.Vous \u00eates confront\u00e9 \u00e0 une douche bouch\u00e9e ? Votre douche ne s&#8217;\u00e9vacue pas correctement et vous...","protected":false},"author":1,"featured_media":0,"parent":1668,"menu_order":2,"comment_status":"closed","ping_status":"closed","template":"","meta":{"_acf_changed":false,"footnotes":""},"class_list":["post-1674","page","type-page","status-publish","hentry"],"acf":[],"_links":{"self":[{"href":"https:\/\/www.vidangeefficacewavre.be\/nl\/wp-json\/wp\/v2\/pages\/1674","targetHints":{"allow":["GET"]}}],"collection":[{"href":"https:\/\/www.vidangeefficacewavre.be\/nl\/wp-json\/wp\/v2\/pages"}],"about":[{"href":"https:\/\/www.vidangeefficacewavre.be\/nl\/wp-json\/wp\/v2\/types\/page"}],"author":[{"embeddable":true,"href":"https:\/\/www.vidangeefficacewavre.be\/nl\/wp-json\/wp\/v2\/users\/1"}],"replies":[{"embeddable":true,"href":"https:\/\/www.vidangeefficacewavre.be\/nl\/wp-json\/wp\/v2\/comments?post=1674"}],"version-history":[{"count":4,"href":"https:\/\/www.vidangeefficacewavre.be\/nl\/wp-json\/wp\/v2\/pages\/1674\/revisions"}],"predecessor-version":[{"id":1992,"href":"https:\/\/www.vidangeefficacewavre.be\/nl\/wp-json\/wp\/v2\/pages\/1674\/revisions\/1992"}],"up":[{"embeddable":true,"href":"https:\/\/www.vidangeefficacewavre.be\/nl\/wp-json\/wp\/v2\/pages\/1668"}],"wp:attachment":[{"href":"https:\/\/www.vidangeefficacewavre.be\/nl\/wp-json\/wp\/v2\/media?parent=1674"}],"curies":[{"name":"wp","href":"https:\/\/api.w.org\/{rel}","templated":true}]}}