{"id":1673,"date":"2024-07-31T13:00:07","date_gmt":"2024-07-31T11:00:07","guid":{"rendered":"https:\/\/www.vidangeefficacewavre.be\/debouchage\/evier\/"},"modified":"2026-02-24T14:01:57","modified_gmt":"2026-02-24T13:01:57","slug":"evier","status":"publish","type":"page","link":"https:\/\/www.vidangeefficacewavre.be\/nl\/ontstoppen\/evier\/","title":{"rendered":"Evier"},"content":{"rendered":"<section class=\"l-section wpb_row us_custom_71eaf52c height_auto\"><div class=\"l-section-h i-cf\"><div class=\"g-cols vc_row via_flex valign_middle type_default stacking_default\"><div class=\"vc_col-sm-6 wpb_column vc_column_container\"><div class=\"vc_column-inner\"><div class=\"wpb_wrapper\"><div class=\"w-separator size_medium\"><\/div><div class=\"wpb_text_column us_custom_b31d7f9b has_text_color\"><div class=\"wpb_wrapper\"><h1>Vidange Efficace, l\u2019expert en <span class=\"clrtxt\">d\u00e9bouchage d\u2019\u00e9vier par haute pression.<\/span><\/h1>\n<\/div><\/div><div class=\"w-separator size_small\"><\/div><div class=\"wpb_text_column us_custom_b860ca69 has_text_color\"><div class=\"wpb_wrapper\"><p>Vidange Efficace Wavre r\u00e9alise le d\u00e9bouchage de vos canalisations et de vos \u00e9gouts dans le Brabant Wallon, le sud de Bruxelles, et le Brabant Flamand.<\/p>\n<\/div><\/div><div class=\"w-separator size_small\"><\/div><div class=\"w-btn-wrapper align_none\"><a class=\"w-btn us-btn-style_5 icon_atright\" href=\"https:\/\/www.vidangeefficacewavre.be\/contact\/\"><span class=\"w-btn-label\">Contactez-nous<\/span><i class=\"far fa-long-arrow-alt-right\"><\/i><\/a><\/div><div class=\"w-separator size_medium\"><\/div><\/div><\/div><\/div><div class=\"vc_col-sm-6 wpb_column vc_column_container has_bg_color stretched\"><div class=\"vc_column-inner us_custom_e4a2383c\"><div class=\"wpb_wrapper\"><\/div><\/div><\/div><\/div><\/div><\/section><section class=\"l-section wpb_row height_large\"><div class=\"l-section-h i-cf\"><div class=\"g-cols vc_row via_flex valign_top type_default stacking_default\"><div class=\"vc_col-sm-3\/5 wpb_column vc_column_container has_bg_color\"><div class=\"vc_column-inner us_custom_927a2690\"><div class=\"wpb_wrapper\"><div class=\"w-separator us_custom_7317aa56 size_medium\"><\/div><\/div><\/div><\/div><div class=\"vc_col-sm-2\/5 wpb_column vc_column_container has_bg_color\"><div class=\"vc_column-inner us_custom_d365bb75\"><div class=\"wpb_wrapper\"><h3 class=\"w-text us_custom_b860ca69 has_text_color\"><span class=\"w-text-h\"><span class=\"w-text-value\">Vidange efficace, des solutions professionnelles pour d\u00e9boucher votre \u00e9vier ou lavabo<\/span><\/span><\/h3><div class=\"wpb_text_column us_custom_b860ca69 has_text_color\"><div class=\"wpb_wrapper\"><p>De l\u2019eau stagne dans votre \u00e9vier ou lavabo ? Une partie de l\u2019eau refoule dans un des bacs de votre \u00e9vier tandis qu\u2019elle se vidange dans l\u2019autre ? L\u2019\u00e9vacuation de l\u2019eau est lente ? Ces situations sont le signe d\u2019une formation de bouchon dans votre \u00e9vier. Ne vous inqui\u00e9tez pas, l\u2019obstruction d\u2019un \u00e9vier est monnaie courante. Si vous n\u2019arrivez pas \u00e0 solutionner le probl\u00e8me par vos propres moyens, ne n\u00e9gligez pas l\u2019intervention d\u2019un professionnel du d\u00e9bouchage.<\/p>\n<p>Vidange efficace est le sp\u00e9cialiste du d\u00e9bouchage d\u2019\u00e9vier et de lavabo dans le Brabant Wallon, dans le sud de Bruxelles ou le Brabant Flamand. Nous intervenons rapidement pour toutes vos urgences.<\/p>\n<p>Nous disposons d\u2019un mat\u00e9riel \u00e0 la pointe de la technologie, apte \u00e0 d\u00e9boucher tous les types de bouchons en un rien de temps, de mani\u00e8re \u00e9cologique et durable. L\u2019obstruction de votre lavabo n\u2019est plus qu\u2019un lointain souvenir ! Apr\u00e8s avoir d\u00e9bouch\u00e9 votre \u00e9vier, nous pouvons r\u00e9aliser une <a href=\"https:\/\/www.vidangeefficacewavre.be\/passage-camera\/\">inspection par cam\u00e9ra<\/a>, si n\u00e9cessaire, pour v\u00e9rifier l\u2019\u00e9tat de vos canalisations, localiser d\u2019\u00e9ventuels d\u00e9fauts et \u00e9viter de futurs<br \/>\nbouchons.<\/p>\n<p>Vous souhaitez connaitre nos tarifs pour le d\u00e9bouchage d\u2019\u00e9vier ou tout autre type de d\u00e9bouchage ? Contactez-nous sans plus attendre, nous serons ravis de vous renseigner.<\/p>\n<\/div><\/div><div class=\"w-separator size_small\"><\/div><div class=\"w-btn-wrapper align_none\"><a class=\"w-btn us-btn-style_5 icon_atright\" href=\"#leesmeer\"><span class=\"w-btn-label\">Nos conseils pour \u00e9viter de boucher les \u00e9viers et lavabos<\/span><i class=\"far fa-long-arrow-alt-right\"><\/i><\/a><\/div><\/div><\/div><\/div><\/div><\/div><\/section><section class=\"l-section wpb_row height_large\" id=\"leesmeer\"><div class=\"l-section-h i-cf\"><div class=\"g-cols vc_row via_flex valign_top type_default stacking_default\"><div class=\"vc_col-sm-3 wpb_column vc_column_container\"><div class=\"vc_column-inner\"><div class=\"wpb_wrapper\"><\/div><\/div><\/div><div class=\"vc_col-sm-9 wpb_column vc_column_container\"><div class=\"vc_column-inner\"><div class=\"wpb_wrapper\"><h3 class=\"w-text us_custom_2774bef1\"><span class=\"w-text-h\"><span class=\"w-text-value\">Entretenez votre \u00e9vier, \u00e9vitez les bouchons<\/span><\/span><\/h3><div class=\"w-separator size_medium\"><\/div><div class=\"wpb_text_column\"><div class=\"wpb_wrapper\"><p>Vous ne les voyez pas mais les d\u00e9p\u00f4ts de graisses, les aliments, les cheveux et poils s\u2019accumulent dans votre siphon et obstruent, voire endommagent votre tuyauterie. Pensez \u00e0 l\u2019entretenir, adoptez des gestes simples pour pr\u00e9venir les bouchons : recueillez les morceaux d\u2019aliments gr\u00e2ce \u00e0 une passoire, \u00e9vitez de jeter les cheveux ou les huiles directement dans l\u2019\u00e9vier,\u2026<\/p>\n<p>Un nettoyage r\u00e9gulier des canalisations permet \u00e9galement de pr\u00e9venir les bouchons mais aussi les mauvaises odeurs. N\u00e9anmoins, n\u2019ayez jamais recours \u00e0 des produits chimiques pour le d\u00e9bouchage ou l\u2019entretien de vos canalisations.Ceux-ci sont non seulement excessivement polluants pour la plan\u00e8te, mais sont \u00e9galement dangereux pour votre s\u00e9curit\u00e9 et sont g\u00e9n\u00e9ralement inefficaces pour les bouchons importants.<\/p>\n<\/div><\/div><\/div><\/div><\/div><\/div><\/div><\/section><section class=\"l-section wpb_row us_custom_2070add1 height_small\"><div class=\"l-section-h i-cf\"><div class=\"g-cols vc_row via_flex valign_top type_default stacking_default\"><div class=\"vc_col-sm-12 wpb_column vc_column_container\"><div class=\"vc_column-inner\"><div class=\"wpb_wrapper\"><div class=\"wpb_text_column us_custom_783bcd80 has_text_color\"><div class=\"wpb_wrapper\"><p style=\"text-align: center;\"><strong>D\u00e9bouchage d\u2019eviers et tuyauterie en Brabant et dans le sud de Bruxelles.<\/strong> D\u00e9bouchage d\u2019\u00e9viers de cuisine et lavabos.<\/p>\n<\/div><\/div><\/div><\/div><\/div><\/div><\/div><\/section>\n","protected":false},"excerpt":{"rendered":"Vidange Efficace, l\u2019expert en d\u00e9bouchage d\u2019\u00e9vier par haute pression. Vidange Efficace Wavre r\u00e9alise le d\u00e9bouchage de vos canalisations et de vos \u00e9gouts dans le Brabant Wallon, le sud de Bruxelles, et le Brabant Flamand. Contactez-nousVidange efficace, des solutions professionnelles pour d\u00e9boucher votre \u00e9vier ou lavaboDe l\u2019eau stagne dans votre \u00e9vier ou lavabo ? Une partie...","protected":false},"author":1,"featured_media":0,"parent":1668,"menu_order":1,"comment_status":"closed","ping_status":"closed","template":"","meta":{"_acf_changed":false,"footnotes":""},"class_list":["post-1673","page","type-page","status-publish","hentry"],"acf":[],"_links":{"self":[{"href":"https:\/\/www.vidangeefficacewavre.be\/nl\/wp-json\/wp\/v2\/pages\/1673","targetHints":{"allow":["GET"]}}],"collection":[{"href":"https:\/\/www.vidangeefficacewavre.be\/nl\/wp-json\/wp\/v2\/pages"}],"about":[{"href":"https:\/\/www.vidangeefficacewavre.be\/nl\/wp-json\/wp\/v2\/types\/page"}],"author":[{"embeddable":true,"href":"https:\/\/www.vidangeefficacewavre.be\/nl\/wp-json\/wp\/v2\/users\/1"}],"replies":[{"embeddable":true,"href":"https:\/\/www.vidangeefficacewavre.be\/nl\/wp-json\/wp\/v2\/comments?post=1673"}],"version-history":[{"count":5,"href":"https:\/\/www.vidangeefficacewavre.be\/nl\/wp-json\/wp\/v2\/pages\/1673\/revisions"}],"predecessor-version":[{"id":1986,"href":"https:\/\/www.vidangeefficacewavre.be\/nl\/wp-json\/wp\/v2\/pages\/1673\/revisions\/1986"}],"up":[{"embeddable":true,"href":"https:\/\/www.vidangeefficacewavre.be\/nl\/wp-json\/wp\/v2\/pages\/1668"}],"wp:attachment":[{"href":"https:\/\/www.vidangeefficacewavre.be\/nl\/wp-json\/wp\/v2\/media?parent=1673"}],"curies":[{"name":"wp","href":"https:\/\/api.w.org\/{rel}","templated":true}]}}