{"id":1660,"date":"2024-08-07T12:35:53","date_gmt":"2024-08-07T10:35:53","guid":{"rendered":"https:\/\/www.vidangeefficacewavre.be\/merci\/"},"modified":"2026-02-02T11:22:10","modified_gmt":"2026-02-02T10:22:10","slug":"merci","status":"publish","type":"page","link":"https:\/\/www.vidangeefficacewavre.be\/nl\/contact\/merci\/","title":{"rendered":"Merci"},"content":{"rendered":"<section class=\"l-section wpb_row height_small\"><div class=\"l-section-h i-cf\"><div class=\"g-cols vc_row via_flex valign_top type_default stacking_default\"><div class=\"vc_col-sm-12 wpb_column vc_column_container\"><div class=\"vc_column-inner\"><div class=\"wpb_wrapper\"><\/div><\/div><\/div><\/div><\/div><\/section><section class=\"l-section wpb_row height_auto\"><div class=\"l-section-h i-cf\"><div class=\"g-cols vc_row via_flex valign_top type_default stacking_default\"><div class=\"vc_col-sm-12 wpb_column vc_column_container has_bg_color\"><div class=\"vc_column-inner us_custom_d8929d00\"><div class=\"wpb_wrapper\"><div class=\"w-text us_custom_c22e7dc3 has_text_color\"><span class=\"w-text-h\"><span class=\"w-text-value\">Vidange efficace &#8211; C\u2019est bouch\u00e9, \u00e7a d\u00e9borde !<\/span><\/span><\/div><div class=\"w-separator size_small\"><\/div><h1 class=\"w-text us_custom_bd9ea039 has_text_color\"><span class=\"w-text-h\"><span class=\"w-text-value\">Merci pour votre message, nous vous contacterons prochainement.<\/span><\/span><\/h1><div class=\"w-separator size_small\"><\/div><div class=\"w-btn-wrapper align_center\"><a class=\"w-btn us-btn-style_1 icon_atright\" href=\"https:\/\/www.vidangeefficacewavre.be\/\"><span class=\"w-btn-label\">Retour \u00e0 la page d&#8217;accueil<\/span><i class=\"far fa-long-arrow-alt-right\"><\/i><\/a><\/div><\/div><\/div><\/div><\/div><\/div><\/section><section class=\"l-section wpb_row us_custom_72fc42ef height_auto width_full\"><div class=\"l-section-h i-cf\"><div class=\"g-cols vc_row via_flex valign_top type_default stacking_default\"><div class=\"vc_col-sm-12 wpb_column vc_column_container\"><div class=\"vc_column-inner\"><div class=\"wpb_wrapper\"><div class=\"w-map provider_osm\" id=\"us_map_1\"><div class=\"w-map-inner\"><div class=\"w-map-json\" onclick='return {&quot;address&quot;:&quot;Avenue Z\\u00e9nobe Gramme 12, 1300 Wavre&quot;,&quot;disableDragging&quot;:0,&quot;disableZoom&quot;:1,&quot;hideControls&quot;:0,&quot;zoom&quot;:14,&quot;markers&quot;:[{&quot;address&quot;:&quot;Avenue Z\\u00e9nobe Gramme 12, 1300 Wavre&quot;,&quot;html&quot;:&quot;&lt;h6&gt;Vidange Efficace&lt;\\\/h6&gt;\\n&lt;p&gt;Avenue Z\\u00e9nobe Gramme 12, 1300 Wavre&lt;\\\/p&gt;\\n&lt;p&gt;&lt;a href=\\&quot;tel:+3210241733\\&quot;&gt;010 24 17 33&lt;\\\/a&gt;&lt;br&gt;\\n&lt;a href=\\&quot;mailto:christian.pourtois@vidange.be\\&quot;&gt;christian.pourtois@vidange.be&lt;\\\/a&gt;&lt;\\\/p&gt;&quot;,&quot;infowindow&quot;:&quot;1&quot;}],&quot;icon&quot;:{&quot;url&quot;:&quot;https:\\\/\\\/www.vidangeefficacewavre.be\\\/wp-content\\\/uploads\\\/2025\\\/09\\\/Vidange_Efficace_logo.svg&quot;,&quot;size&quot;:[40,40]},&quot;style&quot;:&quot;https:\\\/\\\/tile.openstreetmap.bzh\\\/br\\\/{z}\\\/{x}\\\/{y}.png&quot;}'><\/div><\/div><\/div><\/div><\/div><\/div><\/div><\/div><\/section>\n","protected":false},"excerpt":{"rendered":"Vidange efficace &#8211; C\u2019est bouch\u00e9, \u00e7a d\u00e9borde !Merci pour votre message, nous vous contacterons prochainement.Retour \u00e0 la page d&#8217;accueil","protected":false},"author":1,"featured_media":0,"parent":1676,"menu_order":0,"comment_status":"closed","ping_status":"closed","template":"","meta":{"_acf_changed":false,"footnotes":""},"class_list":["post-1660","page","type-page","status-publish","hentry"],"acf":[],"_links":{"self":[{"href":"https:\/\/www.vidangeefficacewavre.be\/nl\/wp-json\/wp\/v2\/pages\/1660","targetHints":{"allow":["GET"]}}],"collection":[{"href":"https:\/\/www.vidangeefficacewavre.be\/nl\/wp-json\/wp\/v2\/pages"}],"about":[{"href":"https:\/\/www.vidangeefficacewavre.be\/nl\/wp-json\/wp\/v2\/types\/page"}],"author":[{"embeddable":true,"href":"https:\/\/www.vidangeefficacewavre.be\/nl\/wp-json\/wp\/v2\/users\/1"}],"replies":[{"embeddable":true,"href":"https:\/\/www.vidangeefficacewavre.be\/nl\/wp-json\/wp\/v2\/comments?post=1660"}],"version-history":[{"count":1,"href":"https:\/\/www.vidangeefficacewavre.be\/nl\/wp-json\/wp\/v2\/pages\/1660\/revisions"}],"predecessor-version":[{"id":1697,"href":"https:\/\/www.vidangeefficacewavre.be\/nl\/wp-json\/wp\/v2\/pages\/1660\/revisions\/1697"}],"up":[{"embeddable":true,"href":"https:\/\/www.vidangeefficacewavre.be\/nl\/wp-json\/wp\/v2\/pages\/1676"}],"wp:attachment":[{"href":"https:\/\/www.vidangeefficacewavre.be\/nl\/wp-json\/wp\/v2\/media?parent=1660"}],"curies":[{"name":"wp","href":"https:\/\/api.w.org\/{rel}","templated":true}]}}